{"id":52,"date":"2025-02-11T22:05:13","date_gmt":"2025-02-11T22:05:13","guid":{"rendered":"http:\/\/heywiki.site.com.mx\/?page_id=52"},"modified":"2026-01-04T23:09:10","modified_gmt":"2026-01-05T05:09:10","slug":"club-wiki","status":"publish","type":"page","link":"http:\/\/heywiki.site.com.mx\/?page_id=52","title":{"rendered":"Club Wiki"},"content":{"rendered":"\t\t<div data-elementor-type=\"wp-page\" data-elementor-id=\"52\" class=\"elementor elementor-52\">\n\t\t\t\t<div class=\"elementor-element elementor-element-624fe7ba e-flex e-con-boxed e-con e-parent\" data-id=\"624fe7ba\" data-element_type=\"container\" data-e-type=\"container\">\n\t\t\t\t\t<div class=\"e-con-inner\">\n\t\t\t\t<div class=\"elementor-element elementor-element-67aba69b elementor-widget-divider--view-line_text elementor-widget-divider--element-align-center elementor-widget elementor-widget-divider\" data-id=\"67aba69b\" data-element_type=\"widget\" data-e-type=\"widget\" data-widget_type=\"divider.default\">\n\t\t\t\t<div class=\"elementor-widget-container\">\n\t\t\t\t\t\t\t<div class=\"elementor-divider\">\n\t\t\t<span class=\"elementor-divider-separator\">\n\t\t\t\t\t\t\t<span class=\"elementor-divider__text elementor-divider__element\">\n\t\t\t\tClub Wiki\t\t\t\t<\/span>\n\t\t\t\t\t\t<\/span>\n\t\t<\/div>\n\t\t\t\t\t\t<\/div>\n\t\t\t\t<\/div>\n\t\t\t\t<div class=\"elementor-element elementor-element-384de792 elementor-widget elementor-widget-text-editor\" data-id=\"384de792\" data-element_type=\"widget\" data-e-type=\"widget\" data-widget_type=\"text-editor.default\">\n\t\t\t\t<div class=\"elementor-widget-container\">\n\t\t\t\t\t\t\t\t\t<p><span style=\"color: #000000;\"><strong>Club Wiki<\/strong> es una <strong>tarjeta de descuentos<\/strong> en comercios que inicialmente se comenzar\u00e1 a distribuir de forma <strong>GRATUITA<\/strong> en la zona Sur de CDMX que te dar\u00e1 <strong>desde un 5% de descuento<\/strong> en productos y\/o servicios al mostrarla y que tiene un vigencia de 3 a\u00f1os con opci\u00f3n a renovarse. En su primera etapa se comenzara a distribuir a trav\u00e9s de los comercios afiliados al Club Wiki.<br \/><\/span><\/p>\t\t\t\t\t\t\t\t<\/div>\n\t\t\t\t<\/div>\n\t\t\t\t<div class=\"elementor-element elementor-element-11e2bf96 elementor-widget elementor-widget-image\" data-id=\"11e2bf96\" data-element_type=\"widget\" data-e-type=\"widget\" data-widget_type=\"image.default\">\n\t\t\t\t<div class=\"elementor-widget-container\">\n\t\t\t\t\t\t\t\t\t\t\t\t\t\t\t<img fetchpriority=\"high\" decoding=\"async\" width=\"300\" height=\"167\" src=\"http:\/\/heywiki.site.com.mx\/wp-content\/uploads\/2025\/02\/tarjeta_muestra-300x167.webp\" class=\"attachment-medium size-medium wp-image-54\" alt=\"\" srcset=\"http:\/\/heywiki.site.com.mx\/wp-content\/uploads\/2025\/02\/tarjeta_muestra-300x167.webp 300w, http:\/\/heywiki.site.com.mx\/wp-content\/uploads\/2025\/02\/tarjeta_muestra.webp 767w\" sizes=\"(max-width: 300px) 100vw, 300px\" \/>\t\t\t\t\t\t\t\t\t\t\t\t\t\t\t<\/div>\n\t\t\t\t<\/div>\n\t\t\t\t<div class=\"elementor-element elementor-element-70bdd615 elementor-widget-divider--view-line_text elementor-widget-divider--element-align-center elementor-widget elementor-widget-divider\" data-id=\"70bdd615\" data-element_type=\"widget\" data-e-type=\"widget\" data-widget_type=\"divider.default\">\n\t\t\t\t<div class=\"elementor-widget-container\">\n\t\t\t\t\t\t\t<div class=\"elementor-divider\">\n\t\t\t<span class=\"elementor-divider-separator\">\n\t\t\t\t\t\t\t<span class=\"elementor-divider__text elementor-divider__element\">\n\t\t\t\tComercios Afiliados\t\t\t\t<\/span>\n\t\t\t\t\t\t<\/span>\n\t\t<\/div>\n\t\t\t\t\t\t<\/div>\n\t\t\t\t<\/div>\n\t\t\t\t<div class=\"elementor-element elementor-element-3ec499f0 elementor-widget elementor-widget-text-editor\" data-id=\"3ec499f0\" data-element_type=\"widget\" data-e-type=\"widget\" data-widget_type=\"text-editor.default\">\n\t\t\t\t<div class=\"elementor-widget-container\">\n\t\t\t\t\t\t\t\t\t<p><span style=\"color: #000000;\">Estos son los comercios afiliados al <strong>Club Wiki<\/strong>, para conocer la promoci\u00f3n y\/o descuento ofrecido ingresa al siguiente canal de WhatsApp:<\/span><\/p>\t\t\t\t\t\t\t\t<\/div>\n\t\t\t\t<\/div>\n\t\t\t\t<div class=\"elementor-element elementor-element-ee8a803 elementor-align-center elementor-widget elementor-widget-button\" data-id=\"ee8a803\" data-element_type=\"widget\" data-e-type=\"widget\" data-widget_type=\"button.default\">\n\t\t\t\t<div class=\"elementor-widget-container\">\n\t\t\t\t\t\t\t\t\t<div class=\"elementor-button-wrapper\">\n\t\t\t\t\t<a class=\"elementor-button elementor-button-link elementor-size-sm elementor-animation-grow\" href=\"https:\/\/whatsapp.com\/channel\/0029Vb7efW5BvvsWzYg65a01\">\n\t\t\t\t\t\t<span class=\"elementor-button-content-wrapper\">\n\t\t\t\t\t\t<span class=\"elementor-button-icon\">\n\t\t\t\t<svg aria-hidden=\"true\" class=\"e-font-icon-svg e-fab-whatsapp-square\" viewBox=\"0 0 448 512\" xmlns=\"http:\/\/www.w3.org\/2000\/svg\"><path d=\"M224 122.8c-72.7 0-131.8 59.1-131.9 131.8 0 24.9 7 49.2 20.2 70.1l3.1 5-13.3 48.6 49.9-13.1 4.8 2.9c20.2 12 43.4 18.4 67.1 18.4h.1c72.6 0 133.3-59.1 133.3-131.8 0-35.2-15.2-68.3-40.1-93.2-25-25-58-38.7-93.2-38.7zm77.5 188.4c-3.3 9.3-19.1 17.7-26.7 18.8-12.6 1.9-22.4.9-47.5-9.9-39.7-17.2-65.7-57.2-67.7-59.8-2-2.6-16.2-21.5-16.2-41s10.2-29.1 13.9-33.1c3.6-4 7.9-5 10.6-5 2.6 0 5.3 0 7.6.1 2.4.1 5.7-.9 8.9 6.8 3.3 7.9 11.2 27.4 12.2 29.4s1.7 4.3.3 6.9c-7.6 15.2-15.7 14.6-11.6 21.6 15.3 26.3 30.6 35.4 53.9 47.1 4 2 6.3 1.7 8.6-1 2.3-2.6 9.9-11.6 12.5-15.5 2.6-4 5.3-3.3 8.9-2 3.6 1.3 23.1 10.9 27.1 12.9s6.6 3 7.6 4.6c.9 1.9.9 9.9-2.4 19.1zM400 32H48C21.5 32 0 53.5 0 80v352c0 26.5 21.5 48 48 48h352c26.5 0 48-21.5 48-48V80c0-26.5-21.5-48-48-48zM223.9 413.2c-26.6 0-52.7-6.7-75.8-19.3L64 416l22.5-82.2c-13.9-24-21.2-51.3-21.2-79.3C65.4 167.1 136.5 96 223.9 96c42.4 0 82.2 16.5 112.2 46.5 29.9 30 47.9 69.8 47.9 112.2 0 87.4-72.7 158.5-160.1 158.5z\"><\/path><\/svg>\t\t\t<\/span>\n\t\t\t\t\t\t\t\t\t<span class=\"elementor-button-text\">Ingresar al canal en WhatsApp del Club Wiki<\/span>\n\t\t\t\t\t<\/span>\n\t\t\t\t\t<\/a>\n\t\t\t\t<\/div>\n\t\t\t\t\t\t\t\t<\/div>\n\t\t\t\t<\/div>\n\t\t\t\t\t<\/div>\n\t\t\t\t<\/div>\n\t\t<div class=\"elementor-element elementor-element-3207a763 e-flex e-con-boxed e-con e-parent\" data-id=\"3207a763\" data-element_type=\"container\" data-e-type=\"container\">\n\t\t\t\t\t<div class=\"e-con-inner\">\n\t\t<div class=\"elementor-element elementor-element-58cf004d e-con-full e-flex e-con e-child\" data-id=\"58cf004d\" data-element_type=\"container\" data-e-type=\"container\">\n\t\t\t\t<div class=\"elementor-element elementor-element-22171a4 elementor-widget elementor-widget-image\" data-id=\"22171a4\" data-element_type=\"widget\" data-e-type=\"widget\" data-widget_type=\"image.default\">\n\t\t\t\t<div class=\"elementor-widget-container\">\n\t\t\t\t\t\t\t\t\t\t\t\t\t\t\t<img decoding=\"async\" src=\"http:\/\/heywiki.site.com.mx\/wp-content\/uploads\/2025\/02\/logo-sushi.webp\" title=\"logo-sushi\" alt=\"logo-sushi\" loading=\"lazy\" \/>\t\t\t\t\t\t\t\t\t\t\t\t\t\t\t<\/div>\n\t\t\t\t<\/div>\n\t\t\t\t<\/div>\n\t\t<div class=\"elementor-element elementor-element-67cd01b9 e-con-full e-flex e-con e-child\" data-id=\"67cd01b9\" data-element_type=\"container\" data-e-type=\"container\">\n\t\t\t\t<div class=\"elementor-element elementor-element-a760d7d elementor-widget elementor-widget-image\" data-id=\"a760d7d\" data-element_type=\"widget\" data-e-type=\"widget\" data-widget_type=\"image.default\">\n\t\t\t\t<div class=\"elementor-widget-container\">\n\t\t\t\t\t\t\t\t\t\t\t\t\t\t\t<img decoding=\"async\" src=\"http:\/\/heywiki.site.com.mx\/wp-content\/uploads\/2025\/02\/logo-png-bco.png\" title=\"logo-png-bco\" alt=\"logo-png-bco\" loading=\"lazy\" \/>\t\t\t\t\t\t\t\t\t\t\t\t\t\t\t<\/div>\n\t\t\t\t<\/div>\n\t\t\t\t<\/div>\n\t\t<div class=\"elementor-element elementor-element-2fd32137 e-con-full e-flex e-con e-child\" data-id=\"2fd32137\" data-element_type=\"container\" data-e-type=\"container\">\n\t\t\t\t<\/div>\n\t\t<div class=\"elementor-element elementor-element-736fbed8 e-con-full e-flex e-con e-child\" data-id=\"736fbed8\" data-element_type=\"container\" data-e-type=\"container\">\n\t\t\t\t<\/div>\n\t\t<div class=\"elementor-element elementor-element-ca4c0fd e-con-full e-flex e-con e-child\" data-id=\"ca4c0fd\" data-element_type=\"container\" data-e-type=\"container\">\n\t\t\t\t<\/div>\n\t\t<div class=\"elementor-element elementor-element-497e7fb6 e-con-full e-flex e-con e-child\" data-id=\"497e7fb6\" data-element_type=\"container\" data-e-type=\"container\">\n\t\t\t\t<\/div>\n\t\t\t\t\t<\/div>\n\t\t\t\t<\/div>\n\t\t<div class=\"elementor-element elementor-element-2fe4f7db e-flex e-con-boxed e-con e-parent\" data-id=\"2fe4f7db\" data-element_type=\"container\" data-e-type=\"container\">\n\t\t\t\t\t<div class=\"e-con-inner\">\n\t\t\t\t<div class=\"elementor-element elementor-element-14aadc36 elementor-widget-divider--view-line_text elementor-widget-divider--element-align-center elementor-widget elementor-widget-divider\" data-id=\"14aadc36\" data-element_type=\"widget\" data-e-type=\"widget\" data-widget_type=\"divider.default\">\n\t\t\t\t<div class=\"elementor-widget-container\">\n\t\t\t\t\t\t\t<div class=\"elementor-divider\">\n\t\t\t<span class=\"elementor-divider-separator\">\n\t\t\t\t\t\t\t<span class=\"elementor-divider__text elementor-divider__element\">\n\t\t\t\tSocios\t\t\t\t<\/span>\n\t\t\t\t\t\t<\/span>\n\t\t<\/div>\n\t\t\t\t\t\t<\/div>\n\t\t\t\t<\/div>\n\t\t\t\t<div class=\"elementor-element elementor-element-7c59a15f elementor-widget elementor-widget-text-editor\" data-id=\"7c59a15f\" data-element_type=\"widget\" data-e-type=\"widget\" data-widget_type=\"text-editor.default\">\n\t\t\t\t<div class=\"elementor-widget-container\">\n\t\t\t\t\t\t\t\t\t<p style=\"text-align: center;\"><strong><span style=\"color: #000000;\">\u00bfTienes un comercio en la zona y deseas pertenecer al \u201cCLUB WIKI\u201d?<\/span><\/strong><\/p><p>Env\u00eda un mensaje a <strong>SiteTechMx<\/strong> por <strong>WhatsApp <\/strong>(<a href=\"https:\/\/wa.me\/6672005779\">https:\/\/wa.me\/6672005779<\/a>) incluyendo una foto del exterior, as\u00ed como direcci\u00f3n completa del establecimiento y giro. Una vez recibida la informaci\u00f3n nos pondremos en contacto contigo para continuar el proceso de afiliaci\u00f3n as\u00ed como los planes promocionales que tenemos disponibles para formar parte del <strong>CLUB WIKI<\/strong>.<\/p><p><span style=\"color: #000000;\"><strong>\u00bfQu\u00e9 incluye?:<\/strong><\/span><\/p><ul><li>Promoci\u00f3n en redes sociales (48 publicaciones al a\u00f1o en facebook de HeyWikiMx y 48 adicionales en grupos de facebook).<\/li><li>Bio Site de su comercio (<a href=\"https:\/\/heywiki.site.com.mx\/?page_id=77\" target=\"_blank\" rel=\"noopener\">ver muestra<\/a>).<\/li><li>Paquete de 50 tarjetas del Club Wiki para sus clientes.<\/li><li>Aparecer en el mapa impreso (si es que coincide en ubicaci\u00f3n).<\/li><li>Recomendaci\u00f3n entre comercios afiliados al sistema, lo que genera ventas.<\/li><li>Anuncio de identificaci\u00f3n para clientes, para colocar en su establecimiento.<\/li><\/ul><p><span style=\"color: #000000;\"><strong>\u00bfQu\u00e9 costo tiene?<\/strong><\/span><\/p><ul><li>$500.00 pago \u00fanico<\/li><li>La renovaci\u00f3n de convenio anual es gratis.<\/li><li>El paquete de 100 tarjetas adicionales tiene un costo de $150.00<\/li><\/ul>\t\t\t\t\t\t\t\t<\/div>\n\t\t\t\t<\/div>\n\t\t\t\t\t<\/div>\n\t\t\t\t<\/div>\n\t\t<div class=\"elementor-element elementor-element-dc6a0b2 e-flex e-con-boxed e-con e-parent\" data-id=\"dc6a0b2\" data-element_type=\"container\" data-e-type=\"container\">\n\t\t\t\t\t<div class=\"e-con-inner\">\n\t\t\t\t<div class=\"elementor-element elementor-element-1060bea elementor-widget-divider--view-line_text elementor-widget-divider--element-align-center elementor-widget elementor-widget-divider\" data-id=\"1060bea\" data-element_type=\"widget\" data-e-type=\"widget\" data-widget_type=\"divider.default\">\n\t\t\t\t<div class=\"elementor-widget-container\">\n\t\t\t\t\t\t\t<div class=\"elementor-divider\">\n\t\t\t<span class=\"elementor-divider-separator\">\n\t\t\t\t\t\t\t<span class=\"elementor-divider__text elementor-divider__element\">\n\t\t\t\tBeneficiarios\t\t\t\t<\/span>\n\t\t\t\t\t\t<\/span>\n\t\t<\/div>\n\t\t\t\t\t\t<\/div>\n\t\t\t\t<\/div>\n\t\t\t\t<div class=\"elementor-element elementor-element-c41cf6c elementor-widget elementor-widget-text-editor\" data-id=\"c41cf6c\" data-element_type=\"widget\" data-e-type=\"widget\" data-widget_type=\"text-editor.default\">\n\t\t\t\t<div class=\"elementor-widget-container\">\n\t\t\t\t\t\t\t\t\t<p style=\"text-align: center;\"><strong><span style=\"color: #000000;\">\u00bfDeseas tener la tarjeta de beneficios de Club Wiki?<\/span><\/strong><\/p><p>Env\u00eda un mensaje a <strong>SiteTechMx<\/strong> por <strong>WhatsApp <\/strong>(<a href=\"https:\/\/wa.me\/6672005779\">https:\/\/wa.me\/6672005779<\/a>) solicitando tu tarjeta que es completamente GRATIS.<\/p><p>Contamos con entrega a domicilio de las tarjetas en las colonias de la Alcald\u00eda Tlalpan: Isidro Fabela, Ampliaci\u00f3n Isidro Fabela, Cantera Puente de Piedra, Pueblo Quieto, San Pedro Apostol y R\u00f3mulo S\u00e1nchez Mireles.<\/p><p><strong>Otra forma es algunos de los comercios afiliados al sistema de CLUB WIKI.<\/strong><\/p>\t\t\t\t\t\t\t\t<\/div>\n\t\t\t\t<\/div>\n\t\t\t\t\t<\/div>\n\t\t\t\t<\/div>\n\t\t\t\t<\/div>\n\t\t","protected":false},"excerpt":{"rendered":"<p>Club Wiki Club Wiki es una tarjeta de descuentos en comercios que inicialmente se comenzar\u00e1 a distribuir de forma GRATUITA en la zona Sur de CDMX que te dar\u00e1 desde un 5% de descuento en productos y\/o servicios al mostrarla y que tiene un vigencia de 3 a\u00f1os con opci\u00f3n a renovarse. En su primera [&hellip;]<\/p>\n","protected":false},"author":1,"featured_media":0,"parent":0,"menu_order":0,"comment_status":"closed","ping_status":"closed","template":"elementor_header_footer","meta":{"site-sidebar-layout":"no-sidebar","site-content-layout":"","ast-site-content-layout":"full-width-container","site-content-style":"default","site-sidebar-style":"default","ast-global-header-display":"","ast-banner-title-visibility":"","ast-main-header-display":"","ast-hfb-above-header-display":"","ast-hfb-below-header-display":"","ast-hfb-mobile-header-display":"","site-post-title":"disabled","ast-breadcrumbs-content":"","ast-featured-img":"disabled","footer-sml-layout":"","ast-disable-related-posts":"","theme-transparent-header-meta":"","adv-header-id-meta":"","stick-header-meta":"","header-above-stick-meta":"","header-main-stick-meta":"","header-below-stick-meta":"","astra-migrate-meta-layouts":"default","ast-page-background-enabled":"default","ast-page-background-meta":{"desktop":{"background-color":"var(--ast-global-color-5)","background-image":"","background-repeat":"repeat","background-position":"center center","background-size":"auto","background-attachment":"scroll","background-type":"","background-media":"","overlay-type":"","overlay-color":"","overlay-opacity":"","overlay-gradient":""},"tablet":{"background-color":"","background-image":"","background-repeat":"repeat","background-position":"center center","background-size":"auto","background-attachment":"scroll","background-type":"","background-media":"","overlay-type":"","overlay-color":"","overlay-opacity":"","overlay-gradient":""},"mobile":{"background-color":"","background-image":"","background-repeat":"repeat","background-position":"center center","background-size":"auto","background-attachment":"scroll","background-type":"","background-media":"","overlay-type":"","overlay-color":"","overlay-opacity":"","overlay-gradient":""}},"ast-content-background-meta":{"desktop":{"background-color":"var(--ast-global-color-4)","background-image":"","background-repeat":"repeat","background-position":"center center","background-size":"auto","background-attachment":"scroll","background-type":"","background-media":"","overlay-type":"","overlay-color":"","overlay-opacity":"","overlay-gradient":""},"tablet":{"background-color":"var(--ast-global-color-4)","background-image":"","background-repeat":"repeat","background-position":"center center","background-size":"auto","background-attachment":"scroll","background-type":"","background-media":"","overlay-type":"","overlay-color":"","overlay-opacity":"","overlay-gradient":""},"mobile":{"background-color":"var(--ast-global-color-4)","background-image":"","background-repeat":"repeat","background-position":"center center","background-size":"auto","background-attachment":"scroll","background-type":"","background-media":"","overlay-type":"","overlay-color":"","overlay-opacity":"","overlay-gradient":""}},"footnotes":""},"class_list":["post-52","page","type-page","status-publish","hentry"],"_links":{"self":[{"href":"http:\/\/heywiki.site.com.mx\/index.php?rest_route=\/wp\/v2\/pages\/52","targetHints":{"allow":["GET"]}}],"collection":[{"href":"http:\/\/heywiki.site.com.mx\/index.php?rest_route=\/wp\/v2\/pages"}],"about":[{"href":"http:\/\/heywiki.site.com.mx\/index.php?rest_route=\/wp\/v2\/types\/page"}],"author":[{"embeddable":true,"href":"http:\/\/heywiki.site.com.mx\/index.php?rest_route=\/wp\/v2\/users\/1"}],"replies":[{"embeddable":true,"href":"http:\/\/heywiki.site.com.mx\/index.php?rest_route=%2Fwp%2Fv2%2Fcomments&post=52"}],"version-history":[{"count":0,"href":"http:\/\/heywiki.site.com.mx\/index.php?rest_route=\/wp\/v2\/pages\/52\/revisions"}],"wp:attachment":[{"href":"http:\/\/heywiki.site.com.mx\/index.php?rest_route=%2Fwp%2Fv2%2Fmedia&parent=52"}],"curies":[{"name":"wp","href":"https:\/\/api.w.org\/{rel}","templated":true}]}}