{"id":112,"date":"2025-02-17T13:00:10","date_gmt":"2025-02-17T19:00:10","guid":{"rendered":"https:\/\/heywiki.site.com.mx\/?page_id=112"},"modified":"2025-02-21T01:28:50","modified_gmt":"2025-02-21T07:28:50","slug":"anunciate","status":"publish","type":"page","link":"https:\/\/heywiki.site.com.mx\/?page_id=112","title":{"rendered":"An\u00fanciate"},"content":{"rendered":"\t\t<div data-elementor-type=\"wp-page\" data-elementor-id=\"112\" class=\"elementor elementor-112\">\n\t\t\t\t<div class=\"elementor-element elementor-element-a01b640 e-flex e-con-boxed e-con e-parent\" data-id=\"a01b640\" data-element_type=\"container\" data-e-type=\"container\">\n\t\t\t\t\t<div class=\"e-con-inner\">\n\t\t<div class=\"elementor-element elementor-element-7411557 e-con-full e-flex e-con e-child\" data-id=\"7411557\" data-element_type=\"container\" data-e-type=\"container\" data-settings=\"{&quot;background_background&quot;:&quot;classic&quot;}\">\n\t\t\t\t<div class=\"elementor-element elementor-element-babdf0f elementor-widget elementor-widget-text-editor\" data-id=\"babdf0f\" data-element_type=\"widget\" data-e-type=\"widget\" data-widget_type=\"text-editor.default\">\n\t\t\t\t<div class=\"elementor-widget-container\">\n\t\t\t\t\t\t\t\t\t<p style=\"text-align: center;\">Plan Gratis<\/p><p style=\"text-align: center;\"><strong>Afiliaci\u00f3n anual: $0.00<\/strong><\/p><ul><li>Publicaci\u00f3n b\u00e1sica en el Directorio de Heywiki.xyz que incluiye datos de contacto y 1 fotograf\u00eda.<\/li><li>1 publicaci\u00f3n en <span style=\"color: #0000ff;\"><a style=\"color: #0000ff;\" href=\"https:\/\/fb.me\/HeyWikiMx\" target=\"_blank\" rel=\"noopener\">facebook.com\/HeyWikiMx<\/a><\/span><\/li><\/ul>\t\t\t\t\t\t\t\t<\/div>\n\t\t\t\t<\/div>\n\t\t\t\t<\/div>\n\t\t<div class=\"elementor-element elementor-element-d500022 e-con-full e-flex e-con e-child\" data-id=\"d500022\" data-element_type=\"container\" data-e-type=\"container\" data-settings=\"{&quot;background_background&quot;:&quot;classic&quot;}\">\n\t\t\t\t<div class=\"elementor-element elementor-element-5a40d48 elementor-widget elementor-widget-text-editor\" data-id=\"5a40d48\" data-element_type=\"widget\" data-e-type=\"widget\" data-widget_type=\"text-editor.default\">\n\t\t\t\t<div class=\"elementor-widget-container\">\n\t\t\t\t\t\t\t\t\t<p style=\"text-align: center;\">Plan Micro<\/p><p style=\"text-align: center;\"><strong>Afiliaci\u00f3n anual: $250.00<\/strong><\/p><ul><li>Publicaci\u00f3n b\u00e1sica en el Directorio de Heywiki.xyz que incluiye datos de contacto y 3 fotograf\u00edas.<\/li><li>12 publicaciones en <span style=\"color: #0000ff;\"><a style=\"color: #0000ff;\" href=\"https:\/\/fb.me\/HeyWikiMx\" target=\"_blank\" rel=\"noopener\">facebook.com\/HeyWikiMx<\/a><\/span><\/li><\/ul>\t\t\t\t\t\t\t\t<\/div>\n\t\t\t\t<\/div>\n\t\t\t\t<\/div>\n\t\t<div class=\"elementor-element elementor-element-9a23172 e-con-full e-flex e-con e-child\" data-id=\"9a23172\" data-element_type=\"container\" data-e-type=\"container\" data-settings=\"{&quot;background_background&quot;:&quot;classic&quot;}\">\n\t\t\t\t<div class=\"elementor-element elementor-element-8dea93b elementor-widget elementor-widget-text-editor\" data-id=\"8dea93b\" data-element_type=\"widget\" data-e-type=\"widget\" data-widget_type=\"text-editor.default\">\n\t\t\t\t<div class=\"elementor-widget-container\">\n\t\t\t\t\t\t\t\t\t<p style=\"text-align: center;\">Plan Pro<\/p><p style=\"text-align: center;\"><strong>Afiliaci\u00f3n anual: $450.00<\/strong><\/p><ul><li>Publicaci\u00f3n <strong>avanzada<\/strong> en el Directorio de Heywiki.xyz que incluiye datos de contacto, redes sociales, men\u00fa digital, 1 video y 5 fotograf\u00edas.<\/li><li>24 publicaciones en <a href=\"https:\/\/fb.me\/HeyWikiMx\" target=\"_blank\" rel=\"noopener\"><span style=\"color: #0000ff;\">facebook.com\/HeyWikiMx<\/span><\/a><\/li><\/ul>\t\t\t\t\t\t\t\t<\/div>\n\t\t\t\t<\/div>\n\t\t\t\t<\/div>\n\t\t<div class=\"elementor-element elementor-element-dc723b5 e-con-full e-flex e-con e-child\" data-id=\"dc723b5\" data-element_type=\"container\" data-e-type=\"container\" data-settings=\"{&quot;background_background&quot;:&quot;classic&quot;}\">\n\t\t\t\t<div class=\"elementor-element elementor-element-5a77141 elementor-widget elementor-widget-text-editor\" data-id=\"5a77141\" data-element_type=\"widget\" data-e-type=\"widget\" data-widget_type=\"text-editor.default\">\n\t\t\t\t<div class=\"elementor-widget-container\">\n\t\t\t\t\t\t\t\t\t<p style=\"text-align: center;\">Plan Ultimate<\/p><p style=\"text-align: center;\"><strong>Afiliaci\u00f3n anual: $950.00<\/strong><\/p><ul><li>Publicaci\u00f3n <strong>avanzada<\/strong> en el Directorio de Heywiki.xyz que incluiye datos de contacto, redes sociales, men\u00fa digital, 1 video y 10 fotograf\u00edas.<\/li><li><em><strong>Aparecer en el mapa impreso.<\/strong><\/em><\/li><li>48 publicaciones en <span style=\"color: #0000ff;\"><a style=\"color: #0000ff;\" href=\"https:\/\/fb.me\/HeyWikiMx\" target=\"_blank\" rel=\"noopener\">facebook.com\/HeyWikiMx<\/a><\/span><\/li><li>48 publicaciones adicionales en grupos de facebook de Tlalpan y Coyoac\u00e1n que suman m\u00e1s de 56,000 seguidores.<\/li><\/ul>\t\t\t\t\t\t\t\t<\/div>\n\t\t\t\t<\/div>\n\t\t\t\t<\/div>\n\t\t\t\t\t<\/div>\n\t\t\t\t<\/div>\n\t\t<div class=\"elementor-element elementor-element-5ecf139 e-flex e-con-boxed e-con e-parent\" data-id=\"5ecf139\" data-element_type=\"container\" data-e-type=\"container\">\n\t\t\t\t\t<div class=\"e-con-inner\">\n\t\t<div class=\"elementor-element elementor-element-722dbe2 e-con-full e-flex e-con e-child\" data-id=\"722dbe2\" data-element_type=\"container\" data-e-type=\"container\">\n\t\t\t\t<div class=\"elementor-element elementor-element-e85d2ca elementor-align-center e-transform elementor-widget elementor-widget-button\" data-id=\"e85d2ca\" data-element_type=\"widget\" data-e-type=\"widget\" data-settings=\"{&quot;_animation&quot;:&quot;none&quot;,&quot;_transform_rotateZ_effect&quot;:{&quot;unit&quot;:&quot;px&quot;,&quot;size&quot;:&quot;&quot;,&quot;sizes&quot;:[]},&quot;_transform_rotateZ_effect_tablet&quot;:{&quot;unit&quot;:&quot;deg&quot;,&quot;size&quot;:&quot;&quot;,&quot;sizes&quot;:[]},&quot;_transform_rotateZ_effect_mobile&quot;:{&quot;unit&quot;:&quot;deg&quot;,&quot;size&quot;:&quot;&quot;,&quot;sizes&quot;:[]}}\" data-widget_type=\"button.default\">\n\t\t\t\t<div class=\"elementor-widget-container\">\n\t\t\t\t\t\t\t\t\t<div class=\"elementor-button-wrapper\">\n\t\t\t\t\t<a class=\"elementor-button elementor-button-link elementor-size-sm\" href=\"https:\/\/api.whatsapp.com\/send?phone=+5216672005779&#038;text=Me%20interesa%20el%20plan%20Hey%20Wiki%20Gratis\" target=\"_blank\">\n\t\t\t\t\t\t<span class=\"elementor-button-content-wrapper\">\n\t\t\t\t\t\t<span class=\"elementor-button-icon\">\n\t\t\t\t<svg aria-hidden=\"true\" class=\"e-font-icon-svg e-far-hand-pointer\" viewBox=\"0 0 448 512\" xmlns=\"http:\/\/www.w3.org\/2000\/svg\"><path d=\"M358.182 179.361c-19.493-24.768-52.679-31.945-79.872-19.098-15.127-15.687-36.182-22.487-56.595-19.629V67c0-36.944-29.736-67-66.286-67S89.143 30.056 89.143 67v161.129c-19.909-7.41-43.272-5.094-62.083 8.872-29.355 21.795-35.793 63.333-14.55 93.152l109.699 154.001C134.632 501.59 154.741 512 176 512h178.286c30.802 0 57.574-21.5 64.557-51.797l27.429-118.999A67.873 67.873 0 0 0 448 326v-84c0-46.844-46.625-79.273-89.818-62.639zM80.985 279.697l27.126 38.079c8.995 12.626 29.031 6.287 29.031-9.283V67c0-25.12 36.571-25.16 36.571 0v175c0 8.836 7.163 16 16 16h6.857c8.837 0 16-7.164 16-16v-35c0-25.12 36.571-25.16 36.571 0v35c0 8.836 7.163 16 16 16H272c8.837 0 16-7.164 16-16v-21c0-25.12 36.571-25.16 36.571 0v21c0 8.836 7.163 16 16 16h6.857c8.837 0 16-7.164 16-16 0-25.121 36.571-25.16 36.571 0v84c0 1.488-.169 2.977-.502 4.423l-27.43 119.001c-1.978 8.582-9.29 14.576-17.782 14.576H176c-5.769 0-11.263-2.878-14.697-7.697l-109.712-154c-14.406-20.223 14.994-42.818 29.394-22.606zM176.143 400v-96c0-8.837 6.268-16 14-16h6c7.732 0 14 7.163 14 16v96c0 8.837-6.268 16-14 16h-6c-7.733 0-14-7.163-14-16zm75.428 0v-96c0-8.837 6.268-16 14-16h6c7.732 0 14 7.163 14 16v96c0 8.837-6.268 16-14 16h-6c-7.732 0-14-7.163-14-16zM327 400v-96c0-8.837 6.268-16 14-16h6c7.732 0 14 7.163 14 16v96c0 8.837-6.268 16-14 16h-6c-7.732 0-14-7.163-14-16z\"><\/path><\/svg>\t\t\t<\/span>\n\t\t\t\t\t\t\t\t\t<span class=\"elementor-button-text\">Registrate en el Plan Gratis<\/span>\n\t\t\t\t\t<\/span>\n\t\t\t\t\t<\/a>\n\t\t\t\t<\/div>\n\t\t\t\t\t\t\t\t<\/div>\n\t\t\t\t<\/div>\n\t\t\t\t<\/div>\n\t\t<div class=\"elementor-element elementor-element-615cb56 e-con-full e-flex e-con e-child\" data-id=\"615cb56\" data-element_type=\"container\" data-e-type=\"container\">\n\t\t\t\t<div class=\"elementor-element elementor-element-ced20af elementor-align-center e-transform elementor-widget elementor-widget-button\" data-id=\"ced20af\" data-element_type=\"widget\" data-e-type=\"widget\" data-settings=\"{&quot;_animation&quot;:&quot;none&quot;,&quot;_transform_rotateZ_effect&quot;:{&quot;unit&quot;:&quot;px&quot;,&quot;size&quot;:&quot;&quot;,&quot;sizes&quot;:[]},&quot;_transform_rotateZ_effect_tablet&quot;:{&quot;unit&quot;:&quot;deg&quot;,&quot;size&quot;:&quot;&quot;,&quot;sizes&quot;:[]},&quot;_transform_rotateZ_effect_mobile&quot;:{&quot;unit&quot;:&quot;deg&quot;,&quot;size&quot;:&quot;&quot;,&quot;sizes&quot;:[]}}\" data-widget_type=\"button.default\">\n\t\t\t\t<div class=\"elementor-widget-container\">\n\t\t\t\t\t\t\t\t\t<div class=\"elementor-button-wrapper\">\n\t\t\t\t\t<a class=\"elementor-button elementor-button-link elementor-size-sm\" href=\"https:\/\/api.whatsapp.com\/send?phone=+5216672005779&#038;text=Me%20interesa%20el%20plan%20Hey%20Wiki%20Micro\" target=\"_blank\">\n\t\t\t\t\t\t<span class=\"elementor-button-content-wrapper\">\n\t\t\t\t\t\t<span class=\"elementor-button-icon\">\n\t\t\t\t<svg aria-hidden=\"true\" class=\"e-font-icon-svg e-far-hand-pointer\" viewBox=\"0 0 448 512\" xmlns=\"http:\/\/www.w3.org\/2000\/svg\"><path d=\"M358.182 179.361c-19.493-24.768-52.679-31.945-79.872-19.098-15.127-15.687-36.182-22.487-56.595-19.629V67c0-36.944-29.736-67-66.286-67S89.143 30.056 89.143 67v161.129c-19.909-7.41-43.272-5.094-62.083 8.872-29.355 21.795-35.793 63.333-14.55 93.152l109.699 154.001C134.632 501.59 154.741 512 176 512h178.286c30.802 0 57.574-21.5 64.557-51.797l27.429-118.999A67.873 67.873 0 0 0 448 326v-84c0-46.844-46.625-79.273-89.818-62.639zM80.985 279.697l27.126 38.079c8.995 12.626 29.031 6.287 29.031-9.283V67c0-25.12 36.571-25.16 36.571 0v175c0 8.836 7.163 16 16 16h6.857c8.837 0 16-7.164 16-16v-35c0-25.12 36.571-25.16 36.571 0v35c0 8.836 7.163 16 16 16H272c8.837 0 16-7.164 16-16v-21c0-25.12 36.571-25.16 36.571 0v21c0 8.836 7.163 16 16 16h6.857c8.837 0 16-7.164 16-16 0-25.121 36.571-25.16 36.571 0v84c0 1.488-.169 2.977-.502 4.423l-27.43 119.001c-1.978 8.582-9.29 14.576-17.782 14.576H176c-5.769 0-11.263-2.878-14.697-7.697l-109.712-154c-14.406-20.223 14.994-42.818 29.394-22.606zM176.143 400v-96c0-8.837 6.268-16 14-16h6c7.732 0 14 7.163 14 16v96c0 8.837-6.268 16-14 16h-6c-7.733 0-14-7.163-14-16zm75.428 0v-96c0-8.837 6.268-16 14-16h6c7.732 0 14 7.163 14 16v96c0 8.837-6.268 16-14 16h-6c-7.732 0-14-7.163-14-16zM327 400v-96c0-8.837 6.268-16 14-16h6c7.732 0 14 7.163 14 16v96c0 8.837-6.268 16-14 16h-6c-7.732 0-14-7.163-14-16z\"><\/path><\/svg>\t\t\t<\/span>\n\t\t\t\t\t\t\t\t\t<span class=\"elementor-button-text\">Registrate en el Plan Micro<\/span>\n\t\t\t\t\t<\/span>\n\t\t\t\t\t<\/a>\n\t\t\t\t<\/div>\n\t\t\t\t\t\t\t\t<\/div>\n\t\t\t\t<\/div>\n\t\t\t\t<\/div>\n\t\t<div class=\"elementor-element elementor-element-e4413ca e-con-full e-flex e-con e-child\" data-id=\"e4413ca\" data-element_type=\"container\" data-e-type=\"container\">\n\t\t\t\t<div class=\"elementor-element elementor-element-6771686 elementor-align-center e-transform elementor-widget elementor-widget-button\" data-id=\"6771686\" data-element_type=\"widget\" data-e-type=\"widget\" data-settings=\"{&quot;_animation&quot;:&quot;none&quot;,&quot;_transform_rotateZ_effect&quot;:{&quot;unit&quot;:&quot;px&quot;,&quot;size&quot;:&quot;&quot;,&quot;sizes&quot;:[]},&quot;_transform_rotateZ_effect_tablet&quot;:{&quot;unit&quot;:&quot;deg&quot;,&quot;size&quot;:&quot;&quot;,&quot;sizes&quot;:[]},&quot;_transform_rotateZ_effect_mobile&quot;:{&quot;unit&quot;:&quot;deg&quot;,&quot;size&quot;:&quot;&quot;,&quot;sizes&quot;:[]}}\" data-widget_type=\"button.default\">\n\t\t\t\t<div class=\"elementor-widget-container\">\n\t\t\t\t\t\t\t\t\t<div class=\"elementor-button-wrapper\">\n\t\t\t\t\t<a class=\"elementor-button elementor-button-link elementor-size-sm\" href=\"https:\/\/api.whatsapp.com\/send?phone=+5216672005779&#038;text=Me%20interesa%20el%20plan%20Hey%20Wiki%20Pro\" target=\"_blank\">\n\t\t\t\t\t\t<span class=\"elementor-button-content-wrapper\">\n\t\t\t\t\t\t<span class=\"elementor-button-icon\">\n\t\t\t\t<svg aria-hidden=\"true\" class=\"e-font-icon-svg e-far-hand-pointer\" viewBox=\"0 0 448 512\" xmlns=\"http:\/\/www.w3.org\/2000\/svg\"><path d=\"M358.182 179.361c-19.493-24.768-52.679-31.945-79.872-19.098-15.127-15.687-36.182-22.487-56.595-19.629V67c0-36.944-29.736-67-66.286-67S89.143 30.056 89.143 67v161.129c-19.909-7.41-43.272-5.094-62.083 8.872-29.355 21.795-35.793 63.333-14.55 93.152l109.699 154.001C134.632 501.59 154.741 512 176 512h178.286c30.802 0 57.574-21.5 64.557-51.797l27.429-118.999A67.873 67.873 0 0 0 448 326v-84c0-46.844-46.625-79.273-89.818-62.639zM80.985 279.697l27.126 38.079c8.995 12.626 29.031 6.287 29.031-9.283V67c0-25.12 36.571-25.16 36.571 0v175c0 8.836 7.163 16 16 16h6.857c8.837 0 16-7.164 16-16v-35c0-25.12 36.571-25.16 36.571 0v35c0 8.836 7.163 16 16 16H272c8.837 0 16-7.164 16-16v-21c0-25.12 36.571-25.16 36.571 0v21c0 8.836 7.163 16 16 16h6.857c8.837 0 16-7.164 16-16 0-25.121 36.571-25.16 36.571 0v84c0 1.488-.169 2.977-.502 4.423l-27.43 119.001c-1.978 8.582-9.29 14.576-17.782 14.576H176c-5.769 0-11.263-2.878-14.697-7.697l-109.712-154c-14.406-20.223 14.994-42.818 29.394-22.606zM176.143 400v-96c0-8.837 6.268-16 14-16h6c7.732 0 14 7.163 14 16v96c0 8.837-6.268 16-14 16h-6c-7.733 0-14-7.163-14-16zm75.428 0v-96c0-8.837 6.268-16 14-16h6c7.732 0 14 7.163 14 16v96c0 8.837-6.268 16-14 16h-6c-7.732 0-14-7.163-14-16zM327 400v-96c0-8.837 6.268-16 14-16h6c7.732 0 14 7.163 14 16v96c0 8.837-6.268 16-14 16h-6c-7.732 0-14-7.163-14-16z\"><\/path><\/svg>\t\t\t<\/span>\n\t\t\t\t\t\t\t\t\t<span class=\"elementor-button-text\">Registrate en el Plan Pro<\/span>\n\t\t\t\t\t<\/span>\n\t\t\t\t\t<\/a>\n\t\t\t\t<\/div>\n\t\t\t\t\t\t\t\t<\/div>\n\t\t\t\t<\/div>\n\t\t\t\t<\/div>\n\t\t<div class=\"elementor-element elementor-element-13b6cc5 e-con-full e-flex e-con e-child\" data-id=\"13b6cc5\" data-element_type=\"container\" data-e-type=\"container\">\n\t\t\t\t<div class=\"elementor-element elementor-element-c336553 elementor-align-center e-transform elementor-widget elementor-widget-button\" data-id=\"c336553\" data-element_type=\"widget\" data-e-type=\"widget\" data-settings=\"{&quot;_animation&quot;:&quot;none&quot;,&quot;_transform_rotateZ_effect&quot;:{&quot;unit&quot;:&quot;px&quot;,&quot;size&quot;:&quot;&quot;,&quot;sizes&quot;:[]},&quot;_transform_rotateZ_effect_tablet&quot;:{&quot;unit&quot;:&quot;deg&quot;,&quot;size&quot;:&quot;&quot;,&quot;sizes&quot;:[]},&quot;_transform_rotateZ_effect_mobile&quot;:{&quot;unit&quot;:&quot;deg&quot;,&quot;size&quot;:&quot;&quot;,&quot;sizes&quot;:[]}}\" data-widget_type=\"button.default\">\n\t\t\t\t<div class=\"elementor-widget-container\">\n\t\t\t\t\t\t\t\t\t<div class=\"elementor-button-wrapper\">\n\t\t\t\t\t<a class=\"elementor-button elementor-button-link elementor-size-sm\" href=\"https:\/\/api.whatsapp.com\/send?phone=+5216672005779&#038;text=Me%20interesa%20el%20plan%20Hey%20Wiki%20Ultimate\" target=\"_blank\">\n\t\t\t\t\t\t<span class=\"elementor-button-content-wrapper\">\n\t\t\t\t\t\t<span class=\"elementor-button-icon\">\n\t\t\t\t<svg aria-hidden=\"true\" class=\"e-font-icon-svg e-far-hand-pointer\" viewBox=\"0 0 448 512\" xmlns=\"http:\/\/www.w3.org\/2000\/svg\"><path d=\"M358.182 179.361c-19.493-24.768-52.679-31.945-79.872-19.098-15.127-15.687-36.182-22.487-56.595-19.629V67c0-36.944-29.736-67-66.286-67S89.143 30.056 89.143 67v161.129c-19.909-7.41-43.272-5.094-62.083 8.872-29.355 21.795-35.793 63.333-14.55 93.152l109.699 154.001C134.632 501.59 154.741 512 176 512h178.286c30.802 0 57.574-21.5 64.557-51.797l27.429-118.999A67.873 67.873 0 0 0 448 326v-84c0-46.844-46.625-79.273-89.818-62.639zM80.985 279.697l27.126 38.079c8.995 12.626 29.031 6.287 29.031-9.283V67c0-25.12 36.571-25.16 36.571 0v175c0 8.836 7.163 16 16 16h6.857c8.837 0 16-7.164 16-16v-35c0-25.12 36.571-25.16 36.571 0v35c0 8.836 7.163 16 16 16H272c8.837 0 16-7.164 16-16v-21c0-25.12 36.571-25.16 36.571 0v21c0 8.836 7.163 16 16 16h6.857c8.837 0 16-7.164 16-16 0-25.121 36.571-25.16 36.571 0v84c0 1.488-.169 2.977-.502 4.423l-27.43 119.001c-1.978 8.582-9.29 14.576-17.782 14.576H176c-5.769 0-11.263-2.878-14.697-7.697l-109.712-154c-14.406-20.223 14.994-42.818 29.394-22.606zM176.143 400v-96c0-8.837 6.268-16 14-16h6c7.732 0 14 7.163 14 16v96c0 8.837-6.268 16-14 16h-6c-7.733 0-14-7.163-14-16zm75.428 0v-96c0-8.837 6.268-16 14-16h6c7.732 0 14 7.163 14 16v96c0 8.837-6.268 16-14 16h-6c-7.732 0-14-7.163-14-16zM327 400v-96c0-8.837 6.268-16 14-16h6c7.732 0 14 7.163 14 16v96c0 8.837-6.268 16-14 16h-6c-7.732 0-14-7.163-14-16z\"><\/path><\/svg>\t\t\t<\/span>\n\t\t\t\t\t\t\t\t\t<span class=\"elementor-button-text\">Registrate en el Plan Ultimate<\/span>\n\t\t\t\t\t<\/span>\n\t\t\t\t\t<\/a>\n\t\t\t\t<\/div>\n\t\t\t\t\t\t\t\t<\/div>\n\t\t\t\t<\/div>\n\t\t\t\t<\/div>\n\t\t\t\t\t<\/div>\n\t\t\t\t<\/div>\n\t\t<div class=\"elementor-element elementor-element-804f1a8 e-flex e-con-boxed e-con e-parent\" data-id=\"804f1a8\" data-element_type=\"container\" data-e-type=\"container\">\n\t\t\t\t\t<div class=\"e-con-inner\">\n\t\t\t\t<div class=\"elementor-element elementor-element-c962a89 elementor-widget elementor-widget-text-editor\" data-id=\"c962a89\" data-element_type=\"widget\" data-e-type=\"widget\" data-widget_type=\"text-editor.default\">\n\t\t\t\t<div class=\"elementor-widget-container\">\n\t\t\t\t\t\t\t\t\t<ul><li>Las publicaciones en facebook de los planes &#8220;gratis y micro&#8221; se realizan el primer mes.<\/li><li>Las publicaciones en facebook de los planes &#8220;pro y ultimate&#8221; se realizan en los 2 primeros meses.<\/li><li>El video no debe de exceder los 5 minutos y no debe de contener m\u00fasica con registro de derechos.<\/li><li>Para aparecer en el mapa impreso, el comercio debe de estar en la zona de las colonias que cubre el mapa, actualmente ubicado en Tlalpan: Isidro Fabela, Ampl. Isidro Fabela, San Pedro Ap\u00f3stol, Cantera Puente de Piedra, Pueblo Quieto y Toriello Guerra.<\/li><\/ul>\t\t\t\t\t\t\t\t<\/div>\n\t\t\t\t<\/div>\n\t\t\t\t<div class=\"elementor-element elementor-element-5c7970b elementor-widget elementor-widget-text-editor\" data-id=\"5c7970b\" data-element_type=\"widget\" data-e-type=\"widget\" data-widget_type=\"text-editor.default\">\n\t\t\t\t<div class=\"elementor-widget-container\">\n\t\t\t\t\t\t\t\t\t<p style=\"text-align: center;\"><strong><span style=\"color: #000000;\">\u00bfTienes dudas respecto a los planes publicitarios?<\/span><\/strong><\/p><p>Env\u00eda un mensaje a <strong>SiteTechMx<\/strong> por <strong>WhatsApp <\/strong>(<a href=\"https:\/\/api.whatsapp.com\/send?phone=+5216672005779&amp;text=Tengo%20dudas%20de%20los%20planes%20publicitarios%20de%20Hey%20Wiki%20M%C3%A9xico\" target=\"_blank\" rel=\"noopener\">https:\/\/wa.me\/6672005779<\/a>) con una breve explicaci\u00f3n de tu solicitud de informaci\u00f3n.<\/p>\t\t\t\t\t\t\t\t<\/div>\n\t\t\t\t<\/div>\n\t\t\t\t\t<\/div>\n\t\t\t\t<\/div>\n\t\t\t\t<\/div>\n\t\t","protected":false},"excerpt":{"rendered":"<p>Plan Gratis Afiliaci\u00f3n anual: $0.00 Publicaci\u00f3n b\u00e1sica en el Directorio de Heywiki.xyz que incluiye datos de contacto y 1 fotograf\u00eda. 1 publicaci\u00f3n en facebook.com\/HeyWikiMx Plan Micro Afiliaci\u00f3n anual: $250.00 Publicaci\u00f3n b\u00e1sica en el Directorio de Heywiki.xyz que incluiye datos de contacto y 3 fotograf\u00edas. 12 publicaciones en facebook.com\/HeyWikiMx Plan Pro Afiliaci\u00f3n anual: $450.00 Publicaci\u00f3n avanzada [&hellip;]<\/p>\n","protected":false},"author":1,"featured_media":0,"parent":0,"menu_order":0,"comment_status":"closed","ping_status":"closed","template":"elementor_header_footer","meta":{"site-sidebar-layout":"no-sidebar","site-content-layout":"","ast-site-content-layout":"full-width-container","site-content-style":"default","site-sidebar-style":"default","ast-global-header-display":"","ast-banner-title-visibility":"","ast-main-header-display":"","ast-hfb-above-header-display":"","ast-hfb-below-header-display":"","ast-hfb-mobile-header-display":"","site-post-title":"disabled","ast-breadcrumbs-content":"","ast-featured-img":"disabled","footer-sml-layout":"","ast-disable-related-posts":"","theme-transparent-header-meta":"","adv-header-id-meta":"","stick-header-meta":"","header-above-stick-meta":"","header-main-stick-meta":"","header-below-stick-meta":"","astra-migrate-meta-layouts":"default","ast-page-background-enabled":"default","ast-page-background-meta":{"desktop":{"background-color":"var(--ast-global-color-5)","background-image":"","background-repeat":"repeat","background-position":"center center","background-size":"auto","background-attachment":"scroll","background-type":"","background-media":"","overlay-type":"","overlay-color":"","overlay-opacity":"","overlay-gradient":""},"tablet":{"background-color":"","background-image":"","background-repeat":"repeat","background-position":"center center","background-size":"auto","background-attachment":"scroll","background-type":"","background-media":"","overlay-type":"","overlay-color":"","overlay-opacity":"","overlay-gradient":""},"mobile":{"background-color":"","background-image":"","background-repeat":"repeat","background-position":"center center","background-size":"auto","background-attachment":"scroll","background-type":"","background-media":"","overlay-type":"","overlay-color":"","overlay-opacity":"","overlay-gradient":""}},"ast-content-background-meta":{"desktop":{"background-color":"var(--ast-global-color-4)","background-image":"","background-repeat":"repeat","background-position":"center center","background-size":"auto","background-attachment":"scroll","background-type":"","background-media":"","overlay-type":"","overlay-color":"","overlay-opacity":"","overlay-gradient":""},"tablet":{"background-color":"var(--ast-global-color-4)","background-image":"","background-repeat":"repeat","background-position":"center center","background-size":"auto","background-attachment":"scroll","background-type":"","background-media":"","overlay-type":"","overlay-color":"","overlay-opacity":"","overlay-gradient":""},"mobile":{"background-color":"var(--ast-global-color-4)","background-image":"","background-repeat":"repeat","background-position":"center center","background-size":"auto","background-attachment":"scroll","background-type":"","background-media":"","overlay-type":"","overlay-color":"","overlay-opacity":"","overlay-gradient":""}},"footnotes":""},"class_list":["post-112","page","type-page","status-publish","hentry"],"_links":{"self":[{"href":"https:\/\/heywiki.site.com.mx\/index.php?rest_route=\/wp\/v2\/pages\/112","targetHints":{"allow":["GET"]}}],"collection":[{"href":"https:\/\/heywiki.site.com.mx\/index.php?rest_route=\/wp\/v2\/pages"}],"about":[{"href":"https:\/\/heywiki.site.com.mx\/index.php?rest_route=\/wp\/v2\/types\/page"}],"author":[{"embeddable":true,"href":"https:\/\/heywiki.site.com.mx\/index.php?rest_route=\/wp\/v2\/users\/1"}],"replies":[{"embeddable":true,"href":"https:\/\/heywiki.site.com.mx\/index.php?rest_route=%2Fwp%2Fv2%2Fcomments&post=112"}],"version-history":[{"count":0,"href":"https:\/\/heywiki.site.com.mx\/index.php?rest_route=\/wp\/v2\/pages\/112\/revisions"}],"wp:attachment":[{"href":"https:\/\/heywiki.site.com.mx\/index.php?rest_route=%2Fwp%2Fv2%2Fmedia&parent=112"}],"curies":[{"name":"wp","href":"https:\/\/api.w.org\/{rel}","templated":true}]}}